{"id":506,"date":"2016-03-04T02:30:30","date_gmt":"2016-03-04T02:30:30","guid":{"rendered":"https:\/\/www.gavias-theme.com\/wp\/codesk\/?page_id=506"},"modified":"2016-03-04T02:30:30","modified_gmt":"2016-03-04T02:30:30","slug":"news-2","status":"publish","type":"page","link":"https:\/\/expropiacionescuartaregion.cl\/index.php\/news-2\/","title":{"rendered":"News II"},"content":{"rendered":"\t\t<div data-elementor-type=\"wp-post\" data-elementor-id=\"506\" class=\"elementor elementor-506\">\n\t\t\t\t\t\t<section class=\"elementor-section elementor-top-section elementor-element elementor-element-4d2980f elementor-section-boxed elementor-section-height-default elementor-section-height-default\" data-id=\"4d2980f\" data-element_type=\"section\">\n\t\t\t\t\t\t<div class=\"elementor-container elementor-column-gap-default\">\n\t\t\t\t\t<div class=\"elementor-column elementor-col-100 elementor-top-column elementor-element elementor-element-cc38b96 column-style-top\" data-id=\"cc38b96\" data-element_type=\"column\">\n\t\t\t<div class=\"elementor-widget-wrap elementor-element-populated\">\n\t\t\t\t\t\t<div class=\"elementor-element elementor-element-c44d968 elementor-widget elementor-widget-gva-posts\" data-id=\"c44d968\" data-element_type=\"widget\" data-widget_type=\"gva-posts.default\">\n\t\t\t\t<div class=\"elementor-widget-container\">\n\t\t\t<div class=\"gva-element-gva-posts gva-element\">  \r\n  <div class=\"gva-posts-grid clearfix gva-posts\">\r\n      <div class=\"gva-content-items\"> \r\n        <div class=\"lg-block-grid-3 md-block-grid-2 sm-block-grid-2 xs-block-grid-1\">\r\n          \r\n<div class=\"all noticias  item-columns\">\r\n   <article id=\"post-8395\" class=\"post post-style-1 post-8395 type-post status-publish format-standard has-post-thumbnail hentry category-noticias tag-coquimbo tag-expropiaciones tag-la-serena tag-mop\">\r\n      <div class=\"post-thumbnail\">\r\n         <a href=\"https:\/\/expropiacionescuartaregion.cl\/index.php\/2025\/01\/10\/anuncio-de-avances-en-seguridad-vial-y-licitacion-para-doble-via\/\">\r\n            <img fetchpriority=\"high\" decoding=\"async\" width=\"700\" height=\"550\" src=\"https:\/\/expropiacionescuartaregion.cl\/wp-content\/uploads\/2025\/01\/Leonardo_Kino_XL_Create_a_realistic_image_for_the_existing_str_2-700x550.jpg\" class=\"attachment-codesk_medium size-codesk_medium wp-post-image\" alt=\"Anuncio de avances en seguridad vial y licitaci\u00f3n para doble v\u00eda\" \/>         <\/a>   \r\n      <\/div>   \r\n\r\n      <div class=\"entry-content\">\r\n         <div class=\"content-inner\">\r\n            <div class=\"entry-meta\">\r\n               <span class=\"author vcard\"><i class=\"far fa-user-circle\"><\/i>by&nbsp;admin<\/span>            <\/div> \r\n            <h2 class=\"entry-title\"><a href=\"https:\/\/expropiacionescuartaregion.cl\/index.php\/2025\/01\/10\/anuncio-de-avances-en-seguridad-vial-y-licitacion-para-doble-via\/\" rel=\"bookmark\">Anuncio de avances en seguridad vial y licitaci\u00f3n para doble v\u00eda<\/a><\/h2>\r\n            <div class=\"read-more\">\r\n               <a href=\"https:\/\/expropiacionescuartaregion.cl\/index.php\/2025\/01\/10\/anuncio-de-avances-en-seguridad-vial-y-licitacion-para-doble-via\/\">\r\n                  <svg enable-background=\"new 0 0 64 64\" height=\"512\" viewBox=\"0 0 64 64\" width=\"512\" xmlns=\"http:\/\/www.w3.org\/2000\/svg\"><path d=\"m37.379 12.552c-.799-.761-2.066-.731-2.827.069-.762.8-.73 2.066.069 2.828l15.342 14.551h-39.963c-1.104 0-2 .896-2 2s.896 2 2 2h39.899l-15.278 14.552c-.8.762-.831 2.028-.069 2.828.393.412.92.62 1.448.62.496 0 .992-.183 1.379-.552l17.449-16.62c.756-.755 1.172-1.759 1.172-2.828s-.416-2.073-1.207-2.862z\"\/><\/svg>\r\n               <\/a>\r\n            <\/div>\r\n         <\/div>\r\n      <\/div>\r\n   <\/article>   \r\n<\/div>\r\n\r\n  \r\n<div class=\"all blog  item-columns\">\r\n   <article id=\"post-8377\" class=\"post post-style-1 post-8377 type-post status-publish format-standard has-post-thumbnail hentry category-blog tag-coquimbo tag-expropiacion tag-la-serena tag-tranvia\">\r\n      <div class=\"post-thumbnail\">\r\n         <a href=\"https:\/\/expropiacionescuartaregion.cl\/index.php\/2024\/02\/22\/nuevo-proyecto-de-tranvia-coquimbo-la-serena\/\">\r\n            <img decoding=\"async\" width=\"602\" height=\"349\" src=\"https:\/\/expropiacionescuartaregion.cl\/wp-content\/uploads\/2024\/02\/Tranvia_Coquimbo_La_Serena.png\" class=\"attachment-codesk_medium size-codesk_medium wp-post-image\" alt=\"Nuevo proyecto de Tranv\u00eda Coquimbo &#8211; La Serena\" \/>         <\/a>   \r\n      <\/div>   \r\n\r\n      <div class=\"entry-content\">\r\n         <div class=\"content-inner\">\r\n            <div class=\"entry-meta\">\r\n               <span class=\"author vcard\"><i class=\"far fa-user-circle\"><\/i>by&nbsp;admin<\/span>            <\/div> \r\n            <h2 class=\"entry-title\"><a href=\"https:\/\/expropiacionescuartaregion.cl\/index.php\/2024\/02\/22\/nuevo-proyecto-de-tranvia-coquimbo-la-serena\/\" rel=\"bookmark\">Nuevo proyecto de Tranv\u00eda Coquimbo &#8211; La Serena<\/a><\/h2>\r\n            <div class=\"read-more\">\r\n               <a href=\"https:\/\/expropiacionescuartaregion.cl\/index.php\/2024\/02\/22\/nuevo-proyecto-de-tranvia-coquimbo-la-serena\/\">\r\n                  <svg enable-background=\"new 0 0 64 64\" height=\"512\" viewBox=\"0 0 64 64\" width=\"512\" xmlns=\"http:\/\/www.w3.org\/2000\/svg\"><path d=\"m37.379 12.552c-.799-.761-2.066-.731-2.827.069-.762.8-.73 2.066.069 2.828l15.342 14.551h-39.963c-1.104 0-2 .896-2 2s.896 2 2 2h39.899l-15.278 14.552c-.8.762-.831 2.028-.069 2.828.393.412.92.62 1.448.62.496 0 .992-.183 1.379-.552l17.449-16.62c.756-.755 1.172-1.759 1.172-2.828s-.416-2.073-1.207-2.862z\"\/><\/svg>\r\n               <\/a>\r\n            <\/div>\r\n         <\/div>\r\n      <\/div>\r\n   <\/article>   \r\n<\/div>\r\n\r\n  \r\n<div class=\"all noticias  item-columns\">\r\n   <article id=\"post-8354\" class=\"post post-style-1 post-8354 type-post status-publish format-standard has-post-thumbnail hentry category-noticias tag-abogado tag-expropiacion tag-indemnizacion tag-juicio\">\r\n      <div class=\"post-thumbnail\">\r\n         <a href=\"https:\/\/expropiacionescuartaregion.cl\/index.php\/2023\/12\/25\/perjuicios-que-contempla-la-indemnizacion-por-expropiacion\/\">\r\n            <img decoding=\"async\" width=\"700\" height=\"550\" src=\"https:\/\/expropiacionescuartaregion.cl\/wp-content\/uploads\/2023\/12\/pexels-kindel-media-7579042-700x550.jpg\" class=\"attachment-codesk_medium size-codesk_medium wp-post-image\" alt=\"Perjuicios que contempla la indemnizaci\u00f3n por expropiaci\u00f3n.\" \/>         <\/a>   \r\n      <\/div>   \r\n\r\n      <div class=\"entry-content\">\r\n         <div class=\"content-inner\">\r\n            <div class=\"entry-meta\">\r\n               <span class=\"author vcard\"><i class=\"far fa-user-circle\"><\/i>by&nbsp;admin<\/span>            <\/div> \r\n            <h2 class=\"entry-title\"><a href=\"https:\/\/expropiacionescuartaregion.cl\/index.php\/2023\/12\/25\/perjuicios-que-contempla-la-indemnizacion-por-expropiacion\/\" rel=\"bookmark\">Perjuicios que contempla la indemnizaci\u00f3n por expropiaci\u00f3n.<\/a><\/h2>\r\n            <div class=\"read-more\">\r\n               <a href=\"https:\/\/expropiacionescuartaregion.cl\/index.php\/2023\/12\/25\/perjuicios-que-contempla-la-indemnizacion-por-expropiacion\/\">\r\n                  <svg enable-background=\"new 0 0 64 64\" height=\"512\" viewBox=\"0 0 64 64\" width=\"512\" xmlns=\"http:\/\/www.w3.org\/2000\/svg\"><path d=\"m37.379 12.552c-.799-.761-2.066-.731-2.827.069-.762.8-.73 2.066.069 2.828l15.342 14.551h-39.963c-1.104 0-2 .896-2 2s.896 2 2 2h39.899l-15.278 14.552c-.8.762-.831 2.028-.069 2.828.393.412.92.62 1.448.62.496 0 .992-.183 1.379-.552l17.449-16.62c.756-.755 1.172-1.759 1.172-2.828s-.416-2.073-1.207-2.862z\"\/><\/svg>\r\n               <\/a>\r\n            <\/div>\r\n         <\/div>\r\n      <\/div>\r\n   <\/article>   \r\n<\/div>\r\n\r\n  \r\n<div class=\"all noticias  item-columns\">\r\n   <article id=\"post-8362\" class=\"post post-style-1 post-8362 type-post status-publish format-standard has-post-thumbnail hentry category-noticias tag-expropiacion tag-plan-regulador tag-propiedad tag-reclamacion\">\r\n      <div class=\"post-thumbnail\">\r\n         <a href=\"https:\/\/expropiacionescuartaregion.cl\/index.php\/2023\/12\/21\/reclamacion-del-acto-expropiatorio\/\">\r\n            <img loading=\"lazy\" decoding=\"async\" width=\"700\" height=\"550\" src=\"https:\/\/expropiacionescuartaregion.cl\/wp-content\/uploads\/2024\/01\/business-man-show-money-bank-note-make-financial-plan-invite-people-sell-buy-house-car-monetary-properties-loan-credit-insurance-concept-700x550.jpg\" class=\"attachment-codesk_medium size-codesk_medium wp-post-image\" alt=\"Reclamaci\u00f3n del acto expropiatorio\" \/>         <\/a>   \r\n      <\/div>   \r\n\r\n      <div class=\"entry-content\">\r\n         <div class=\"content-inner\">\r\n            <div class=\"entry-meta\">\r\n               <span class=\"author vcard\"><i class=\"far fa-user-circle\"><\/i>by&nbsp;admin<\/span>            <\/div> \r\n            <h2 class=\"entry-title\"><a href=\"https:\/\/expropiacionescuartaregion.cl\/index.php\/2023\/12\/21\/reclamacion-del-acto-expropiatorio\/\" rel=\"bookmark\">Reclamaci\u00f3n del acto expropiatorio<\/a><\/h2>\r\n            <div class=\"read-more\">\r\n               <a href=\"https:\/\/expropiacionescuartaregion.cl\/index.php\/2023\/12\/21\/reclamacion-del-acto-expropiatorio\/\">\r\n                  <svg enable-background=\"new 0 0 64 64\" height=\"512\" viewBox=\"0 0 64 64\" width=\"512\" xmlns=\"http:\/\/www.w3.org\/2000\/svg\"><path d=\"m37.379 12.552c-.799-.761-2.066-.731-2.827.069-.762.8-.73 2.066.069 2.828l15.342 14.551h-39.963c-1.104 0-2 .896-2 2s.896 2 2 2h39.899l-15.278 14.552c-.8.762-.831 2.028-.069 2.828.393.412.92.62 1.448.62.496 0 .992-.183 1.379-.552l17.449-16.62c.756-.755 1.172-1.759 1.172-2.828s-.416-2.073-1.207-2.862z\"\/><\/svg>\r\n               <\/a>\r\n            <\/div>\r\n         <\/div>\r\n      <\/div>\r\n   <\/article>   \r\n<\/div>\r\n\r\n  \r\n<div class=\"all noticias  item-columns\">\r\n   <article id=\"post-8323\" class=\"post post-style-1 post-8323 type-post status-publish format-standard has-post-thumbnail hentry category-noticias tag-doble-via tag-expropiacion tag-mop tag-vicuna\">\r\n      <div class=\"post-thumbnail\">\r\n         <a href=\"https:\/\/expropiacionescuartaregion.cl\/index.php\/2023\/12\/14\/durante-2023-iniciara-expropiacion\/\">\r\n            <img loading=\"lazy\" decoding=\"async\" width=\"700\" height=\"350\" src=\"https:\/\/expropiacionescuartaregion.cl\/wp-content\/uploads\/2023\/12\/rafael-vera-castillo-1-750x350-1-700x350.webp\" class=\"attachment-codesk_medium size-codesk_medium wp-post-image\" alt=\"Durante el 2023 se iniciar\u00e1n las expropiaciones para la construcci\u00f3n de la doble v\u00eda de la Ruta 5 hac\u00eda el valle del Elqui\" \/>         <\/a>   \r\n      <\/div>   \r\n\r\n      <div class=\"entry-content\">\r\n         <div class=\"content-inner\">\r\n            <div class=\"entry-meta\">\r\n               <span class=\"author vcard\"><i class=\"far fa-user-circle\"><\/i>by&nbsp;admin<\/span>            <\/div> \r\n            <h2 class=\"entry-title\"><a href=\"https:\/\/expropiacionescuartaregion.cl\/index.php\/2023\/12\/14\/durante-2023-iniciara-expropiacion\/\" rel=\"bookmark\">Durante el 2023 se iniciar\u00e1n las expropiaciones para la construcci\u00f3n de la doble v\u00eda de la Ruta 5 hac\u00eda el valle del Elqui<\/a><\/h2>\r\n            <div class=\"read-more\">\r\n               <a href=\"https:\/\/expropiacionescuartaregion.cl\/index.php\/2023\/12\/14\/durante-2023-iniciara-expropiacion\/\">\r\n                  <svg enable-background=\"new 0 0 64 64\" height=\"512\" viewBox=\"0 0 64 64\" width=\"512\" xmlns=\"http:\/\/www.w3.org\/2000\/svg\"><path d=\"m37.379 12.552c-.799-.761-2.066-.731-2.827.069-.762.8-.73 2.066.069 2.828l15.342 14.551h-39.963c-1.104 0-2 .896-2 2s.896 2 2 2h39.899l-15.278 14.552c-.8.762-.831 2.028-.069 2.828.393.412.92.62 1.448.62.496 0 .992-.183 1.379-.552l17.449-16.62c.756-.755 1.172-1.759 1.172-2.828s-.416-2.073-1.207-2.862z\"\/><\/svg>\r\n               <\/a>\r\n            <\/div>\r\n         <\/div>\r\n      <\/div>\r\n   <\/article>   \r\n<\/div>\r\n\r\n  \r\n<div class=\"all noticias  item-columns\">\r\n   <article id=\"post-8294\" class=\"post post-style-1 post-8294 type-post status-publish format-standard has-post-thumbnail hentry category-noticias tag-constitucion tag-expropiacion tag-propiedad\">\r\n      <div class=\"post-thumbnail\">\r\n         <a href=\"https:\/\/expropiacionescuartaregion.cl\/index.php\/2023\/12\/14\/expropiacion-en-la-constitucion\/\">\r\n            <img loading=\"lazy\" decoding=\"async\" width=\"668\" height=\"400\" src=\"https:\/\/expropiacionescuartaregion.cl\/wp-content\/uploads\/2023\/12\/comparacion-constituciones.png\" class=\"attachment-codesk_medium size-codesk_medium wp-post-image\" alt=\"Expropiaci\u00f3n en la Constituci\u00f3n\" \/>         <\/a>   \r\n      <\/div>   \r\n\r\n      <div class=\"entry-content\">\r\n         <div class=\"content-inner\">\r\n            <div class=\"entry-meta\">\r\n               <span class=\"author vcard\"><i class=\"far fa-user-circle\"><\/i>by&nbsp;admin<\/span>            <\/div> \r\n            <h2 class=\"entry-title\"><a href=\"https:\/\/expropiacionescuartaregion.cl\/index.php\/2023\/12\/14\/expropiacion-en-la-constitucion\/\" rel=\"bookmark\">Expropiaci\u00f3n en la Constituci\u00f3n<\/a><\/h2>\r\n            <div class=\"read-more\">\r\n               <a href=\"https:\/\/expropiacionescuartaregion.cl\/index.php\/2023\/12\/14\/expropiacion-en-la-constitucion\/\">\r\n                  <svg enable-background=\"new 0 0 64 64\" height=\"512\" viewBox=\"0 0 64 64\" width=\"512\" xmlns=\"http:\/\/www.w3.org\/2000\/svg\"><path d=\"m37.379 12.552c-.799-.761-2.066-.731-2.827.069-.762.8-.73 2.066.069 2.828l15.342 14.551h-39.963c-1.104 0-2 .896-2 2s.896 2 2 2h39.899l-15.278 14.552c-.8.762-.831 2.028-.069 2.828.393.412.92.62 1.448.62.496 0 .992-.183 1.379-.552l17.449-16.62c.756-.755 1.172-1.759 1.172-2.828s-.416-2.073-1.207-2.862z\"\/><\/svg>\r\n               <\/a>\r\n            <\/div>\r\n         <\/div>\r\n      <\/div>\r\n   <\/article>   \r\n<\/div>\r\n\r\n          <\/div>\r\n      <\/div>\r\n                <div class=\"pagination\">\r\n              <div class=\"column one pager_wrapper\"><div class=\"pager\"><div class=\"paginations\"><a href=\"https:\/\/expropiacionescuartaregion.cl\/index.php\/wp-json\/wp\/v2\/pages\/506\/\" class=\"page-item active\">1<\/a><a href=\"https:\/\/expropiacionescuartaregion.cl\/index.php\/wp-json\/wp\/v2\/pages\/506\/page\/2\/\" class=\"page-item\">2<\/a><a class=\"next_page\" href=\"https:\/\/expropiacionescuartaregion.cl\/index.php\/wp-json\/wp\/v2\/pages\/506\/page\/2\/\"><i class=\"gv-icon-165\"><\/i><\/a><\/div><\/div><\/div>\n          <\/div>\r\n        <\/div>\r\n  <\/div>\t\t<\/div>\n\t\t\t\t<\/div>\n\t\t\t\t\t<\/div>\n\t\t<\/div>\n\t\t\t\t\t<\/div>\n\t\t<\/section>\n\t\t\t\t<\/div>\n\t\t","protected":false},"excerpt":{"rendered":"<p>by&nbsp;admin1 comment Many important brands have given us their trust by&nbsp;admin0 comments Future where technology creates good jobs by&nbsp;admin0 comments What you do today can improve your tomorrows by&nbsp;admin0 comments [&hellip;]<\/p>\n","protected":false},"author":1,"featured_media":0,"parent":0,"menu_order":0,"comment_status":"closed","ping_status":"closed","template":"","meta":{"_monsterinsights_skip_tracking":false,"_monsterinsights_sitenote_active":false,"_monsterinsights_sitenote_note":"","_monsterinsights_sitenote_category":0,"footnotes":""},"_links":{"self":[{"href":"https:\/\/expropiacionescuartaregion.cl\/index.php\/wp-json\/wp\/v2\/pages\/506"}],"collection":[{"href":"https:\/\/expropiacionescuartaregion.cl\/index.php\/wp-json\/wp\/v2\/pages"}],"about":[{"href":"https:\/\/expropiacionescuartaregion.cl\/index.php\/wp-json\/wp\/v2\/types\/page"}],"author":[{"embeddable":true,"href":"https:\/\/expropiacionescuartaregion.cl\/index.php\/wp-json\/wp\/v2\/users\/1"}],"replies":[{"embeddable":true,"href":"https:\/\/expropiacionescuartaregion.cl\/index.php\/wp-json\/wp\/v2\/comments?post=506"}],"version-history":[{"count":0,"href":"https:\/\/expropiacionescuartaregion.cl\/index.php\/wp-json\/wp\/v2\/pages\/506\/revisions"}],"wp:attachment":[{"href":"https:\/\/expropiacionescuartaregion.cl\/index.php\/wp-json\/wp\/v2\/media?parent=506"}],"curies":[{"name":"wp","href":"https:\/\/api.w.org\/{rel}","templated":true}]}}